{"id":17,"date":"2019-04-04T13:43:18","date_gmt":"2019-04-04T11:43:18","guid":{"rendered":"http:\/\/www.tourdelagruyere.com\/?page_id=17"},"modified":"2025-06-02T10:26:00","modified_gmt":"2025-06-02T08:26:00","slug":"contact","status":"publish","type":"page","link":"https:\/\/www.tourdelagruyere.com\/index.php\/contact\/","title":{"rendered":"Facebook\/Insta"},"content":{"rendered":"\t\t<div data-elementor-type=\"wp-post\" data-elementor-id=\"17\" class=\"elementor elementor-17\">\n\t\t\t\t\t\t<section class=\"elementor-section elementor-top-section elementor-element elementor-element-9e457a0 elementor-section-boxed elementor-section-height-default elementor-section-height-default\" data-id=\"9e457a0\" data-element_type=\"section\" data-e-type=\"section\">\n\t\t\t\t\t\t<div class=\"elementor-container elementor-column-gap-default\">\n\t\t\t\t\t<div class=\"elementor-column elementor-col-100 elementor-top-column elementor-element elementor-element-05b5be0\" data-id=\"05b5be0\" data-element_type=\"column\" data-e-type=\"column\">\n\t\t\t<div class=\"elementor-widget-wrap\">\n\t\t\t\t\t\t\t<\/div>\n\t\t<\/div>\n\t\t\t\t\t<\/div>\n\t\t<\/section>\n\t\t\t\t<section class=\"elementor-section elementor-top-section elementor-element elementor-element-d23a1fc elementor-section-boxed elementor-section-height-default elementor-section-height-default\" data-id=\"d23a1fc\" data-element_type=\"section\" data-e-type=\"section\">\n\t\t\t\t\t\t<div class=\"elementor-container elementor-column-gap-default\">\n\t\t\t\t\t<div class=\"elementor-column elementor-col-100 elementor-top-column elementor-element elementor-element-01a1a5a\" data-id=\"01a1a5a\" data-element_type=\"column\" data-e-type=\"column\">\n\t\t\t<div class=\"elementor-widget-wrap elementor-element-populated\">\n\t\t\t\t\t\t<div class=\"elementor-element elementor-element-3d12aae animated-slow elementor-invisible elementor-widget elementor-widget-heading\" data-id=\"3d12aae\" data-element_type=\"widget\" data-e-type=\"widget\" data-settings=\"{&quot;_animation&quot;:&quot;fadeIn&quot;}\" data-widget_type=\"heading.default\">\n\t\t\t\t<div class=\"elementor-widget-container\">\n\t\t\t\t\t<h1 class=\"elementor-heading-title elementor-size-default\"><br>R\u00e9agissez, suivez, partagez sur les r\u00e9seaux sociaux<\/h1>\t\t\t\t<\/div>\n\t\t\t\t<\/div>\n\t\t\t\t<div class=\"elementor-element elementor-element-05cc072 elementor-shape-square elementor-grid-0 e-grid-align-center elementor-widget elementor-widget-social-icons\" data-id=\"05cc072\" data-element_type=\"widget\" data-e-type=\"widget\" data-widget_type=\"social-icons.default\">\n\t\t\t\t<div class=\"elementor-widget-container\">\n\t\t\t\t\t\t\t<div class=\"elementor-social-icons-wrapper elementor-grid\" role=\"list\">\n\t\t\t\t\t\t\t<span class=\"elementor-grid-item\" role=\"listitem\">\n\t\t\t\t\t<a class=\"elementor-icon elementor-social-icon elementor-social-icon-facebook-f elementor-repeater-item-fa5b0cc\" href=\"https:\/\/www.facebook.com\/Tour-de-la-Gruy\u00e8re-Trail-2019-559571014532115\" target=\"_blank\">\n\t\t\t\t\t\t<span class=\"elementor-screen-only\">Facebook-f<\/span>\n\t\t\t\t\t\t<i aria-hidden=\"true\" class=\"fab fa-facebook-f\"><\/i>\t\t\t\t\t<\/a>\n\t\t\t\t<\/span>\n\t\t\t\t\t\t\t<span class=\"elementor-grid-item\" role=\"listitem\">\n\t\t\t\t\t<a class=\"elementor-icon elementor-social-icon elementor-social-icon-instagram elementor-repeater-item-69a8bdf\" href=\"https:\/\/www.instagram.com\/tourdelagruyere\/\" target=\"_blank\">\n\t\t\t\t\t\t<span class=\"elementor-screen-only\">Instagram<\/span>\n\t\t\t\t\t\t<i aria-hidden=\"true\" class=\"fab fa-instagram\"><\/i>\t\t\t\t\t<\/a>\n\t\t\t\t<\/span>\n\t\t\t\t\t<\/div>\n\t\t\t\t\t\t<\/div>\n\t\t\t\t<\/div>\n\t\t\t\t<div class=\"elementor-element elementor-element-10952eb animated-fast elementor-invisible elementor-widget elementor-widget-image\" data-id=\"10952eb\" data-element_type=\"widget\" data-e-type=\"widget\" data-settings=\"{&quot;_animation&quot;:&quot;fadeIn&quot;}\" data-widget_type=\"image.default\">\n\t\t\t\t<div class=\"elementor-widget-container\">\n\t\t\t\t\t\t\t\t\t\t\t\t\t\t\t\t<a href=\"https:\/\/www.strava.com\/clubs\/grevire\">\n\t\t\t\t\t\t\t<img decoding=\"async\" width=\"100\" height=\"100\" src=\"https:\/\/www.tourdelagruyere.com\/wp-content\/uploads\/2025\/06\/telechargement-2-100x100.png\" class=\"attachment-woocommerce_gallery_thumbnail size-woocommerce_gallery_thumbnail wp-image-975\" alt=\"\" srcset=\"https:\/\/www.tourdelagruyere.com\/wp-content\/uploads\/2025\/06\/telechargement-2-100x100.png 100w, https:\/\/www.tourdelagruyere.com\/wp-content\/uploads\/2025\/06\/telechargement-2-150x150.png 150w, https:\/\/www.tourdelagruyere.com\/wp-content\/uploads\/2025\/06\/telechargement-2.png 225w\" sizes=\"(max-width: 100px) 100vw, 100px\" \/>\t\t\t\t\t\t\t\t<\/a>\n\t\t\t\t\t\t\t\t\t\t\t\t\t\t\t<\/div>\n\t\t\t\t<\/div>\n\t\t\t\t<div class=\"elementor-element elementor-element-88cf1eb elementor-widget elementor-widget-text-editor\" data-id=\"88cf1eb\" data-element_type=\"widget\" data-e-type=\"widget\" data-widget_type=\"text-editor.default\">\n\t\t\t\t<div class=\"elementor-widget-container\">\n\t\t\t\t\t\t\t\t\t<h3>Les activit\u00e9s des membres Strava du groupe \u00ab\u00a0Tour de la Gruy\u00e8re\u00a0\u00bb seront mises \u00e0 jour ci-dessous:<\/h3>\t\t\t\t\t\t\t\t<\/div>\n\t\t\t\t<\/div>\n\t\t\t\t\t<\/div>\n\t\t<\/div>\n\t\t\t\t\t<\/div>\n\t\t<\/section>\n\t\t\t\t<section class=\"elementor-section elementor-top-section elementor-element elementor-element-2d3d390 elementor-section-boxed elementor-section-height-default elementor-section-height-default\" data-id=\"2d3d390\" data-element_type=\"section\" data-e-type=\"section\">\n\t\t\t\t\t\t<div class=\"elementor-container elementor-column-gap-default\">\n\t\t\t\t\t<div class=\"elementor-column elementor-col-100 elementor-top-column elementor-element elementor-element-abe0054\" data-id=\"abe0054\" data-element_type=\"column\" data-e-type=\"column\">\n\t\t\t<div class=\"elementor-widget-wrap elementor-element-populated\">\n\t\t\t\t\t\t<div class=\"elementor-element elementor-element-bebe807 elementor-widget elementor-widget-html\" data-id=\"bebe807\" data-element_type=\"widget\" data-e-type=\"widget\" data-widget_type=\"html.default\">\n\t\t\t\t<div class=\"elementor-widget-container\">\n\t\t\t\t\t<iframe allowtransparency frameborder='0' height='454' scrolling='no' src='https:\/\/www.strava.com\/clubs\/516976\/latest-rides\/0cc403346ee6cf86c0cdc58f71c7ec57163d1701?show_rides=true' width='300'><\/iframe>\t\t\t\t<\/div>\n\t\t\t\t<\/div>\n\t\t\t\t\t<\/div>\n\t\t<\/div>\n\t\t\t\t\t<\/div>\n\t\t<\/section>\n\t\t\t\t<section class=\"elementor-section elementor-top-section elementor-element elementor-element-c768c60 elementor-section-boxed elementor-section-height-default elementor-section-height-default\" data-id=\"c768c60\" data-element_type=\"section\" data-e-type=\"section\">\n\t\t\t\t\t\t<div class=\"elementor-container elementor-column-gap-default\">\n\t\t\t\t\t<div class=\"elementor-column elementor-col-100 elementor-top-column elementor-element elementor-element-8197661\" data-id=\"8197661\" data-element_type=\"column\" data-e-type=\"column\">\n\t\t\t<div class=\"elementor-widget-wrap elementor-element-populated\">\n\t\t\t\t\t\t<div class=\"elementor-element elementor-element-f1bbfdb elementor-widget elementor-widget-html\" data-id=\"f1bbfdb\" data-element_type=\"widget\" data-e-type=\"widget\" data-widget_type=\"html.default\">\n\t\t\t\t<div class=\"elementor-widget-container\">\n\t\t\t\t\t<!-- Messenger Plug-in Discussion Code -->\r\n    <div id=\"fb-root\"><\/div>\r\n      <script>\r\n        window.fbAsyncInit = function() {\r\n          FB.init({\r\n            xfbml            : true,\r\n            version          : 'v10.0'\r\n          });\r\n        };\r\n\r\n        (function(d, s, id) {\r\n          var js, fjs = d.getElementsByTagName(s)[0];\r\n          if (d.getElementById(id)) return;\r\n          js = d.createElement(s); js.id = id;\r\n          js.src = 'https:\/\/connect.facebook.net\/fr_FR\/sdk\/xfbml.customerchat.js';\r\n          fjs.parentNode.insertBefore(js, fjs);\r\n        }(document, 'script', 'facebook-jssdk'));\r\n      <\/script>\r\n\r\n      <!-- Your Plug-in Discussion code -->\r\n      <div class=\"fb-customerchat\"\r\n        attribution=\"page_inbox\"\r\n        page_id=\"559571014532115\">\r\n      <\/div>\t\t\t\t<\/div>\n\t\t\t\t<\/div>\n\t\t\t\t<div class=\"elementor-element elementor-element-0c1a669 elementor-widget elementor-widget-spacer\" data-id=\"0c1a669\" data-element_type=\"widget\" data-e-type=\"widget\" data-widget_type=\"spacer.default\">\n\t\t\t\t<div class=\"elementor-widget-container\">\n\t\t\t\t\t\t\t<div class=\"elementor-spacer\">\n\t\t\t<div class=\"elementor-spacer-inner\"><\/div>\n\t\t<\/div>\n\t\t\t\t\t\t<\/div>\n\t\t\t\t<\/div>\n\t\t\t\t\t<\/div>\n\t\t<\/div>\n\t\t\t\t\t<\/div>\n\t\t<\/section>\n\t\t\t\t<\/div>\n\t\t","protected":false},"excerpt":{"rendered":"<p>R\u00e9agissez, suivez, partagez sur les r\u00e9seaux sociaux Facebook-f Instagram Les activit\u00e9s des membres Strava du groupe \u00ab\u00a0Tour de la Gruy\u00e8re\u00a0\u00bb seront mises \u00e0 jour ci-dessous:<\/p>\n","protected":false},"author":1,"featured_media":0,"parent":0,"menu_order":0,"comment_status":"closed","ping_status":"closed","template":"elementor_header_footer","meta":{"_exactmetrics_skip_tracking":false,"_exactmetrics_sitenote_active":false,"_exactmetrics_sitenote_note":"","_exactmetrics_sitenote_category":0,"footnotes":""},"class_list":["post-17","page","type-page","status-publish","hentry"],"yoast_head":"<!-- This site is optimized with the Yoast SEO plugin v27.3 - https:\/\/yoast.com\/product\/yoast-seo-wordpress\/ -->\n<title>Facebook\/Insta - Tour de la Gruy\u00e8re<\/title>\n<meta name=\"robots\" content=\"index, follow, max-snippet:-1, max-image-preview:large, max-video-preview:-1\" \/>\n<link rel=\"canonical\" href=\"https:\/\/www.tourdelagruyere.com\/index.php\/contact\/\" \/>\n<meta property=\"og:locale\" content=\"fr_FR\" \/>\n<meta property=\"og:type\" content=\"article\" \/>\n<meta property=\"og:title\" content=\"Facebook\/Insta - Tour de la Gruy\u00e8re\" \/>\n<meta property=\"og:description\" content=\"R\u00e9agissez, suivez, partagez sur les r\u00e9seaux sociaux Facebook-f Instagram Les activit\u00e9s des membres Strava du groupe \u00ab\u00a0Tour de la Gruy\u00e8re\u00a0\u00bb seront mises \u00e0 jour ci-dessous:\" \/>\n<meta property=\"og:url\" content=\"https:\/\/www.tourdelagruyere.com\/index.php\/contact\/\" \/>\n<meta property=\"og:site_name\" content=\"Tour de la Gruy\u00e8re\" \/>\n<meta property=\"article:publisher\" content=\"https:\/\/www.facebook.com\/Tourdelagruyere\/\" \/>\n<meta property=\"article:modified_time\" content=\"2025-06-02T08:26:00+00:00\" \/>\n<meta property=\"og:image\" content=\"https:\/\/www.tourdelagruyere.com\/wp-content\/uploads\/2025\/06\/telechargement-2.png\" \/>\n\t<meta property=\"og:image:width\" content=\"225\" \/>\n\t<meta property=\"og:image:height\" content=\"225\" \/>\n\t<meta property=\"og:image:type\" content=\"image\/png\" \/>\n<meta name=\"twitter:card\" content=\"summary_large_image\" \/>\n<meta name=\"twitter:label1\" content=\"Dur\u00e9e de lecture estim\u00e9e\" \/>\n\t<meta name=\"twitter:data1\" content=\"1 minute\" \/>\n<script type=\"application\/ld+json\" class=\"yoast-schema-graph\">{\"@context\":\"https:\\\/\\\/schema.org\",\"@graph\":[{\"@type\":\"WebPage\",\"@id\":\"https:\\\/\\\/www.tourdelagruyere.com\\\/index.php\\\/contact\\\/\",\"url\":\"https:\\\/\\\/www.tourdelagruyere.com\\\/index.php\\\/contact\\\/\",\"name\":\"Facebook\\\/Insta - Tour de la Gruy\u00e8re\",\"isPartOf\":{\"@id\":\"https:\\\/\\\/www.tourdelagruyere.com\\\/#website\"},\"primaryImageOfPage\":{\"@id\":\"https:\\\/\\\/www.tourdelagruyere.com\\\/index.php\\\/contact\\\/#primaryimage\"},\"image\":{\"@id\":\"https:\\\/\\\/www.tourdelagruyere.com\\\/index.php\\\/contact\\\/#primaryimage\"},\"thumbnailUrl\":\"https:\\\/\\\/www.tourdelagruyere.com\\\/wp-content\\\/uploads\\\/2025\\\/06\\\/telechargement-2-100x100.png\",\"datePublished\":\"2019-04-04T11:43:18+00:00\",\"dateModified\":\"2025-06-02T08:26:00+00:00\",\"breadcrumb\":{\"@id\":\"https:\\\/\\\/www.tourdelagruyere.com\\\/index.php\\\/contact\\\/#breadcrumb\"},\"inLanguage\":\"fr-FR\",\"potentialAction\":[{\"@type\":\"ReadAction\",\"target\":[\"https:\\\/\\\/www.tourdelagruyere.com\\\/index.php\\\/contact\\\/\"]}]},{\"@type\":\"ImageObject\",\"inLanguage\":\"fr-FR\",\"@id\":\"https:\\\/\\\/www.tourdelagruyere.com\\\/index.php\\\/contact\\\/#primaryimage\",\"url\":\"https:\\\/\\\/www.tourdelagruyere.com\\\/wp-content\\\/uploads\\\/2025\\\/06\\\/telechargement-2.png\",\"contentUrl\":\"https:\\\/\\\/www.tourdelagruyere.com\\\/wp-content\\\/uploads\\\/2025\\\/06\\\/telechargement-2.png\",\"width\":225,\"height\":225},{\"@type\":\"BreadcrumbList\",\"@id\":\"https:\\\/\\\/www.tourdelagruyere.com\\\/index.php\\\/contact\\\/#breadcrumb\",\"itemListElement\":[{\"@type\":\"ListItem\",\"position\":1,\"name\":\"Accueil\",\"item\":\"https:\\\/\\\/www.tourdelagruyere.com\\\/\"},{\"@type\":\"ListItem\",\"position\":2,\"name\":\"Facebook\\\/Insta\"}]},{\"@type\":\"WebSite\",\"@id\":\"https:\\\/\\\/www.tourdelagruyere.com\\\/#website\",\"url\":\"https:\\\/\\\/www.tourdelagruyere.com\\\/\",\"name\":\"Tour de la Gruy\u00e8re\",\"description\":\"Tcheu c&#039;est b\u00f4 !\",\"publisher\":{\"@id\":\"https:\\\/\\\/www.tourdelagruyere.com\\\/#organization\"},\"potentialAction\":[{\"@type\":\"SearchAction\",\"target\":{\"@type\":\"EntryPoint\",\"urlTemplate\":\"https:\\\/\\\/www.tourdelagruyere.com\\\/?s={search_term_string}\"},\"query-input\":{\"@type\":\"PropertyValueSpecification\",\"valueRequired\":true,\"valueName\":\"search_term_string\"}}],\"inLanguage\":\"fr-FR\"},{\"@type\":\"Organization\",\"@id\":\"https:\\\/\\\/www.tourdelagruyere.com\\\/#organization\",\"name\":\"Tour de la Gruy\u00e8re\",\"url\":\"https:\\\/\\\/www.tourdelagruyere.com\\\/\",\"logo\":{\"@type\":\"ImageObject\",\"inLanguage\":\"fr-FR\",\"@id\":\"https:\\\/\\\/www.tourdelagruyere.com\\\/#\\\/schema\\\/logo\\\/image\\\/\",\"url\":\"https:\\\/\\\/www.tourdelagruyere.com\\\/wp-content\\\/uploads\\\/2019\\\/04\\\/cropped-gruy\u00e8re-armoirie-1.jpg\",\"contentUrl\":\"https:\\\/\\\/www.tourdelagruyere.com\\\/wp-content\\\/uploads\\\/2019\\\/04\\\/cropped-gruy\u00e8re-armoirie-1.jpg\",\"width\":485,\"height\":528,\"caption\":\"Tour de la Gruy\u00e8re\"},\"image\":{\"@id\":\"https:\\\/\\\/www.tourdelagruyere.com\\\/#\\\/schema\\\/logo\\\/image\\\/\"},\"sameAs\":[\"https:\\\/\\\/www.facebook.com\\\/Tourdelagruyere\\\/\",\"https:\\\/\\\/www.instagram.com\\\/tourdelagruyere\\\/\"]}]}<\/script>\n<!-- \/ Yoast SEO plugin. -->","yoast_head_json":{"title":"Facebook\/Insta - Tour de la Gruy\u00e8re","robots":{"index":"index","follow":"follow","max-snippet":"max-snippet:-1","max-image-preview":"max-image-preview:large","max-video-preview":"max-video-preview:-1"},"canonical":"https:\/\/www.tourdelagruyere.com\/index.php\/contact\/","og_locale":"fr_FR","og_type":"article","og_title":"Facebook\/Insta - Tour de la Gruy\u00e8re","og_description":"R\u00e9agissez, suivez, partagez sur les r\u00e9seaux sociaux Facebook-f Instagram Les activit\u00e9s des membres Strava du groupe \u00ab\u00a0Tour de la Gruy\u00e8re\u00a0\u00bb seront mises \u00e0 jour ci-dessous:","og_url":"https:\/\/www.tourdelagruyere.com\/index.php\/contact\/","og_site_name":"Tour de la Gruy\u00e8re","article_publisher":"https:\/\/www.facebook.com\/Tourdelagruyere\/","article_modified_time":"2025-06-02T08:26:00+00:00","og_image":[{"width":225,"height":225,"url":"https:\/\/www.tourdelagruyere.com\/wp-content\/uploads\/2025\/06\/telechargement-2.png","type":"image\/png"}],"twitter_card":"summary_large_image","twitter_misc":{"Dur\u00e9e de lecture estim\u00e9e":"1 minute"},"schema":{"@context":"https:\/\/schema.org","@graph":[{"@type":"WebPage","@id":"https:\/\/www.tourdelagruyere.com\/index.php\/contact\/","url":"https:\/\/www.tourdelagruyere.com\/index.php\/contact\/","name":"Facebook\/Insta - Tour de la Gruy\u00e8re","isPartOf":{"@id":"https:\/\/www.tourdelagruyere.com\/#website"},"primaryImageOfPage":{"@id":"https:\/\/www.tourdelagruyere.com\/index.php\/contact\/#primaryimage"},"image":{"@id":"https:\/\/www.tourdelagruyere.com\/index.php\/contact\/#primaryimage"},"thumbnailUrl":"https:\/\/www.tourdelagruyere.com\/wp-content\/uploads\/2025\/06\/telechargement-2-100x100.png","datePublished":"2019-04-04T11:43:18+00:00","dateModified":"2025-06-02T08:26:00+00:00","breadcrumb":{"@id":"https:\/\/www.tourdelagruyere.com\/index.php\/contact\/#breadcrumb"},"inLanguage":"fr-FR","potentialAction":[{"@type":"ReadAction","target":["https:\/\/www.tourdelagruyere.com\/index.php\/contact\/"]}]},{"@type":"ImageObject","inLanguage":"fr-FR","@id":"https:\/\/www.tourdelagruyere.com\/index.php\/contact\/#primaryimage","url":"https:\/\/www.tourdelagruyere.com\/wp-content\/uploads\/2025\/06\/telechargement-2.png","contentUrl":"https:\/\/www.tourdelagruyere.com\/wp-content\/uploads\/2025\/06\/telechargement-2.png","width":225,"height":225},{"@type":"BreadcrumbList","@id":"https:\/\/www.tourdelagruyere.com\/index.php\/contact\/#breadcrumb","itemListElement":[{"@type":"ListItem","position":1,"name":"Accueil","item":"https:\/\/www.tourdelagruyere.com\/"},{"@type":"ListItem","position":2,"name":"Facebook\/Insta"}]},{"@type":"WebSite","@id":"https:\/\/www.tourdelagruyere.com\/#website","url":"https:\/\/www.tourdelagruyere.com\/","name":"Tour de la Gruy\u00e8re","description":"Tcheu c&#039;est b\u00f4 !","publisher":{"@id":"https:\/\/www.tourdelagruyere.com\/#organization"},"potentialAction":[{"@type":"SearchAction","target":{"@type":"EntryPoint","urlTemplate":"https:\/\/www.tourdelagruyere.com\/?s={search_term_string}"},"query-input":{"@type":"PropertyValueSpecification","valueRequired":true,"valueName":"search_term_string"}}],"inLanguage":"fr-FR"},{"@type":"Organization","@id":"https:\/\/www.tourdelagruyere.com\/#organization","name":"Tour de la Gruy\u00e8re","url":"https:\/\/www.tourdelagruyere.com\/","logo":{"@type":"ImageObject","inLanguage":"fr-FR","@id":"https:\/\/www.tourdelagruyere.com\/#\/schema\/logo\/image\/","url":"https:\/\/www.tourdelagruyere.com\/wp-content\/uploads\/2019\/04\/cropped-gruy\u00e8re-armoirie-1.jpg","contentUrl":"https:\/\/www.tourdelagruyere.com\/wp-content\/uploads\/2019\/04\/cropped-gruy\u00e8re-armoirie-1.jpg","width":485,"height":528,"caption":"Tour de la Gruy\u00e8re"},"image":{"@id":"https:\/\/www.tourdelagruyere.com\/#\/schema\/logo\/image\/"},"sameAs":["https:\/\/www.facebook.com\/Tourdelagruyere\/","https:\/\/www.instagram.com\/tourdelagruyere\/"]}]}},"_links":{"self":[{"href":"https:\/\/www.tourdelagruyere.com\/index.php\/wp-json\/wp\/v2\/pages\/17","targetHints":{"allow":["GET"]}}],"collection":[{"href":"https:\/\/www.tourdelagruyere.com\/index.php\/wp-json\/wp\/v2\/pages"}],"about":[{"href":"https:\/\/www.tourdelagruyere.com\/index.php\/wp-json\/wp\/v2\/types\/page"}],"author":[{"embeddable":true,"href":"https:\/\/www.tourdelagruyere.com\/index.php\/wp-json\/wp\/v2\/users\/1"}],"replies":[{"embeddable":true,"href":"https:\/\/www.tourdelagruyere.com\/index.php\/wp-json\/wp\/v2\/comments?post=17"}],"version-history":[{"count":37,"href":"https:\/\/www.tourdelagruyere.com\/index.php\/wp-json\/wp\/v2\/pages\/17\/revisions"}],"predecessor-version":[{"id":987,"href":"https:\/\/www.tourdelagruyere.com\/index.php\/wp-json\/wp\/v2\/pages\/17\/revisions\/987"}],"wp:attachment":[{"href":"https:\/\/www.tourdelagruyere.com\/index.php\/wp-json\/wp\/v2\/media?parent=17"}],"curies":[{"name":"wp","href":"https:\/\/api.w.org\/{rel}","templated":true}]}}