{"id":15,"date":"2019-04-04T13:42:32","date_gmt":"2019-04-04T11:42:32","guid":{"rendered":"http:\/\/www.tourdelagruyere.com\/?page_id=15"},"modified":"2025-10-13T09:52:41","modified_gmt":"2025-10-13T07:52:41","slug":"accueil","status":"publish","type":"page","link":"https:\/\/www.tourdelagruyere.com\/","title":{"rendered":"Accueil"},"content":{"rendered":"\t\t<div data-elementor-type=\"wp-post\" data-elementor-id=\"15\" class=\"elementor elementor-15\">\n\t\t\t\t\t\t<section class=\"elementor-section elementor-top-section elementor-element elementor-element-37d363a elementor-section-boxed elementor-section-height-default elementor-section-height-default\" data-id=\"37d363a\" data-element_type=\"section\" data-e-type=\"section\">\n\t\t\t\t\t\t<div class=\"elementor-container elementor-column-gap-default\">\n\t\t\t\t\t<div class=\"elementor-column elementor-col-100 elementor-top-column elementor-element elementor-element-200e0fc\" data-id=\"200e0fc\" data-element_type=\"column\" data-e-type=\"column\">\n\t\t\t<div class=\"elementor-widget-wrap elementor-element-populated\">\n\t\t\t\t\t\t<div class=\"elementor-element elementor-element-2863007 elementor-widget elementor-widget-spacer\" data-id=\"2863007\" data-element_type=\"widget\" data-e-type=\"widget\" data-widget_type=\"spacer.default\">\n\t\t\t\t<div class=\"elementor-widget-container\">\n\t\t\t\t\t\t\t<div class=\"elementor-spacer\">\n\t\t\t<div class=\"elementor-spacer-inner\"><\/div>\n\t\t<\/div>\n\t\t\t\t\t\t<\/div>\n\t\t\t\t<\/div>\n\t\t\t\t<div class=\"elementor-element elementor-element-07eaab0 elementor-widget elementor-widget-spacer\" data-id=\"07eaab0\" data-element_type=\"widget\" data-e-type=\"widget\" data-widget_type=\"spacer.default\">\n\t\t\t\t<div class=\"elementor-widget-container\">\n\t\t\t\t\t\t\t<div class=\"elementor-spacer\">\n\t\t\t<div class=\"elementor-spacer-inner\"><\/div>\n\t\t<\/div>\n\t\t\t\t\t\t<\/div>\n\t\t\t\t<\/div>\n\t\t\t\t<div class=\"elementor-element elementor-element-22f3964 elementor-widget elementor-widget-heading\" data-id=\"22f3964\" data-element_type=\"widget\" data-e-type=\"widget\" data-widget_type=\"heading.default\">\n\t\t\t\t<div class=\"elementor-widget-container\">\n\t\t\t\t\t<h2 class=\"elementor-heading-title elementor-size-default\">Tour de la Gruy\u00e8re\n<\/h2>\t\t\t\t<\/div>\n\t\t\t\t<\/div>\n\t\t\t\t<div class=\"elementor-element elementor-element-7898aae elementor-widget elementor-widget-heading\" data-id=\"7898aae\" data-element_type=\"widget\" data-e-type=\"widget\" data-widget_type=\"heading.default\">\n\t\t\t\t<div class=\"elementor-widget-container\">\n\t\t\t\t\t<h2 class=\"elementor-heading-title elementor-size-default\">5 \u00e9tapes - 180km - 9'300m+<\/h2>\t\t\t\t<\/div>\n\t\t\t\t<\/div>\n\t\t\t\t\t<\/div>\n\t\t<\/div>\n\t\t\t\t\t<\/div>\n\t\t<\/section>\n\t\t\t\t<section class=\"elementor-section elementor-top-section elementor-element elementor-element-bb4ae9e elementor-section-boxed elementor-section-height-default elementor-section-height-default\" data-id=\"bb4ae9e\" data-element_type=\"section\" data-e-type=\"section\">\n\t\t\t\t\t\t<div class=\"elementor-container elementor-column-gap-default\">\n\t\t\t\t\t<div class=\"elementor-column elementor-col-100 elementor-top-column elementor-element elementor-element-d15d760\" data-id=\"d15d760\" data-element_type=\"column\" data-e-type=\"column\">\n\t\t\t<div class=\"elementor-widget-wrap elementor-element-populated\">\n\t\t\t\t\t\t<div class=\"elementor-element elementor-element-31c7f25 elementor-align-center animated-slow elementor-invisible elementor-widget elementor-widget-button\" data-id=\"31c7f25\" data-element_type=\"widget\" data-e-type=\"widget\" data-settings=\"{&quot;_animation&quot;:&quot;rubberBand&quot;}\" data-widget_type=\"button.default\">\n\t\t\t\t<div class=\"elementor-widget-container\">\n\t\t\t\t\t\t\t\t\t<div class=\"elementor-button-wrapper\">\n\t\t\t\t\t<a class=\"elementor-button elementor-button-link elementor-size-md\" href=\"https:\/\/www.tourdelagruyere.com\/index.php\/cest-quoi-staffaire\/\">\n\t\t\t\t\t\t<span class=\"elementor-button-content-wrapper\">\n\t\t\t\t\t\t<span class=\"elementor-button-icon\">\n\t\t\t\t<i aria-hidden=\"true\" class=\"fas fa-walking\"><\/i>\t\t\t<\/span>\n\t\t\t\t\t\t\t\t\t<span class=\"elementor-button-text\">C'est quoi le Tour de la Gruy\u00e8re \u00e0 pied ?<\/span>\n\t\t\t\t\t<\/span>\n\t\t\t\t\t<\/a>\n\t\t\t\t<\/div>\n\t\t\t\t\t\t\t\t<\/div>\n\t\t\t\t<\/div>\n\t\t\t\t<div class=\"elementor-element elementor-element-7881dc9 elementor-align-center elementor-widget elementor-widget-button\" data-id=\"7881dc9\" data-element_type=\"widget\" data-e-type=\"widget\" data-widget_type=\"button.default\">\n\t\t\t\t<div class=\"elementor-widget-container\">\n\t\t\t\t\t\t\t\t\t<div class=\"elementor-button-wrapper\">\n\t\t\t\t\t<a class=\"elementor-button elementor-button-link elementor-size-sm\" href=\"https:\/\/www.tourdelagruyere.com\/index.php\/arfec\/\">\n\t\t\t\t\t\t<span class=\"elementor-button-content-wrapper\">\n\t\t\t\t\t\t<span class=\"elementor-button-icon\">\n\t\t\t\t<i aria-hidden=\"true\" class=\"far fa-arrow-alt-circle-right\"><\/i>\t\t\t<\/span>\n\t\t\t\t\t\t\t\t\t<span class=\"elementor-button-text\">Collecte pour l'ARFEC ici !<\/span>\n\t\t\t\t\t<\/span>\n\t\t\t\t\t<\/a>\n\t\t\t\t<\/div>\n\t\t\t\t\t\t\t\t<\/div>\n\t\t\t\t<\/div>\n\t\t\t\t\t<\/div>\n\t\t<\/div>\n\t\t\t\t\t<\/div>\n\t\t<\/section>\n\t\t\t\t<section class=\"elementor-section elementor-top-section elementor-element elementor-element-528138b elementor-section-boxed elementor-section-height-default elementor-section-height-default\" data-id=\"528138b\" data-element_type=\"section\" data-e-type=\"section\">\n\t\t\t\t\t\t<div class=\"elementor-container elementor-column-gap-default\">\n\t\t\t\t\t<div class=\"elementor-column elementor-col-100 elementor-top-column elementor-element elementor-element-7749222\" data-id=\"7749222\" data-element_type=\"column\" data-e-type=\"column\">\n\t\t\t<div class=\"elementor-widget-wrap elementor-element-populated\">\n\t\t\t\t\t\t<div class=\"elementor-element elementor-element-f5994f0 elementor-invisible elementor-widget elementor-widget-image\" data-id=\"f5994f0\" data-element_type=\"widget\" data-e-type=\"widget\" data-settings=\"{&quot;_animation&quot;:&quot;fadeIn&quot;}\" data-widget_type=\"image.default\">\n\t\t\t\t<div class=\"elementor-widget-container\">\n\t\t\t\t\t\t\t\t\t\t\t\t\t\t\t\t<a href=\"https:\/\/www.tourdelagruyere.com\/index.php\/arfec\/\">\n\t\t\t\t\t\t\t<img fetchpriority=\"high\" decoding=\"async\" width=\"300\" height=\"300\" src=\"https:\/\/www.tourdelagruyere.com\/wp-content\/uploads\/2025\/04\/TDG-300x300.jpg\" class=\"attachment-medium size-medium wp-image-714\" alt=\"\" srcset=\"https:\/\/www.tourdelagruyere.com\/wp-content\/uploads\/2025\/04\/TDG-300x300.jpg 300w, https:\/\/www.tourdelagruyere.com\/wp-content\/uploads\/2025\/04\/TDG-150x150.jpg 150w, https:\/\/www.tourdelagruyere.com\/wp-content\/uploads\/2025\/04\/TDG-768x768.jpg 768w, https:\/\/www.tourdelagruyere.com\/wp-content\/uploads\/2025\/04\/TDG-600x600.jpg 600w, https:\/\/www.tourdelagruyere.com\/wp-content\/uploads\/2025\/04\/TDG-100x100.jpg 100w, https:\/\/www.tourdelagruyere.com\/wp-content\/uploads\/2025\/04\/TDG.jpg 1024w\" sizes=\"(max-width: 300px) 100vw, 300px\" \/>\t\t\t\t\t\t\t\t<\/a>\n\t\t\t\t\t\t\t\t\t\t\t\t\t\t\t<\/div>\n\t\t\t\t<\/div>\n\t\t\t\t<div class=\"elementor-element elementor-element-2321c01 elementor-widget elementor-widget-spacer\" data-id=\"2321c01\" data-element_type=\"widget\" data-e-type=\"widget\" data-widget_type=\"spacer.default\">\n\t\t\t\t<div class=\"elementor-widget-container\">\n\t\t\t\t\t\t\t<div class=\"elementor-spacer\">\n\t\t\t<div class=\"elementor-spacer-inner\"><\/div>\n\t\t<\/div>\n\t\t\t\t\t\t<\/div>\n\t\t\t\t<\/div>\n\t\t\t\t\t<\/div>\n\t\t<\/div>\n\t\t\t\t\t<\/div>\n\t\t<\/section>\n\t\t\t\t<\/div>\n\t\t","protected":false},"excerpt":{"rendered":"<p>Tour de la Gruy\u00e8re 5 \u00e9tapes &#8211; 180km &#8211; 9&rsquo;300m+ C&rsquo;est quoi le Tour de la Gruy\u00e8re \u00e0 pied ? Collecte pour l&rsquo;ARFEC ici !<\/p>\n","protected":false},"author":1,"featured_media":0,"parent":0,"menu_order":0,"comment_status":"closed","ping_status":"closed","template":"elementor_header_footer","meta":{"_exactmetrics_skip_tracking":false,"_exactmetrics_sitenote_active":false,"_exactmetrics_sitenote_note":"","_exactmetrics_sitenote_category":0,"footnotes":""},"class_list":["post-15","page","type-page","status-publish","hentry"],"yoast_head":"<!-- This site is optimized with the Yoast SEO plugin v27.4 - https:\/\/yoast.com\/product\/yoast-seo-wordpress\/ -->\n<title>Accueil - Tour de la Gruy\u00e8re<\/title>\n<meta name=\"robots\" content=\"index, follow, max-snippet:-1, max-image-preview:large, max-video-preview:-1\" \/>\n<link rel=\"canonical\" href=\"https:\/\/www.tourdelagruyere.com\/\" \/>\n<meta property=\"og:locale\" content=\"fr_FR\" \/>\n<meta property=\"og:type\" content=\"article\" \/>\n<meta property=\"og:title\" content=\"Accueil - Tour de la Gruy\u00e8re\" \/>\n<meta property=\"og:description\" content=\"Tour de la Gruy\u00e8re 5 \u00e9tapes &#8211; 180km &#8211; 9&rsquo;300m+ C&rsquo;est quoi le Tour de la Gruy\u00e8re \u00e0 pied ? Collecte pour l&rsquo;ARFEC ici !\" \/>\n<meta property=\"og:url\" content=\"https:\/\/www.tourdelagruyere.com\/\" \/>\n<meta property=\"og:site_name\" content=\"Tour de la Gruy\u00e8re\" \/>\n<meta property=\"article:publisher\" content=\"https:\/\/www.facebook.com\/Tourdelagruyere\/\" \/>\n<meta property=\"article:modified_time\" content=\"2025-10-13T07:52:41+00:00\" \/>\n<meta property=\"og:image\" content=\"https:\/\/www.tourdelagruyere.com\/wp-content\/uploads\/2025\/04\/TDG.jpg\" \/>\n\t<meta property=\"og:image:width\" content=\"1024\" \/>\n\t<meta property=\"og:image:height\" content=\"1024\" \/>\n\t<meta property=\"og:image:type\" content=\"image\/jpeg\" \/>\n<meta name=\"twitter:card\" content=\"summary_large_image\" \/>\n<meta name=\"twitter:label1\" content=\"Dur\u00e9e de lecture estim\u00e9e\" \/>\n\t<meta name=\"twitter:data1\" content=\"1 minute\" \/>\n<script type=\"application\/ld+json\" class=\"yoast-schema-graph\">{\"@context\":\"https:\\\/\\\/schema.org\",\"@graph\":[{\"@type\":\"WebPage\",\"@id\":\"https:\\\/\\\/www.tourdelagruyere.com\\\/\",\"url\":\"https:\\\/\\\/www.tourdelagruyere.com\\\/\",\"name\":\"Accueil - Tour de la Gruy\u00e8re\",\"isPartOf\":{\"@id\":\"https:\\\/\\\/www.tourdelagruyere.com\\\/#website\"},\"primaryImageOfPage\":{\"@id\":\"https:\\\/\\\/www.tourdelagruyere.com\\\/#primaryimage\"},\"image\":{\"@id\":\"https:\\\/\\\/www.tourdelagruyere.com\\\/#primaryimage\"},\"thumbnailUrl\":\"https:\\\/\\\/www.tourdelagruyere.com\\\/wp-content\\\/uploads\\\/2025\\\/04\\\/TDG-300x300.jpg\",\"datePublished\":\"2019-04-04T11:42:32+00:00\",\"dateModified\":\"2025-10-13T07:52:41+00:00\",\"breadcrumb\":{\"@id\":\"https:\\\/\\\/www.tourdelagruyere.com\\\/#breadcrumb\"},\"inLanguage\":\"fr-FR\",\"potentialAction\":[{\"@type\":\"ReadAction\",\"target\":[\"https:\\\/\\\/www.tourdelagruyere.com\\\/\"]}]},{\"@type\":\"ImageObject\",\"inLanguage\":\"fr-FR\",\"@id\":\"https:\\\/\\\/www.tourdelagruyere.com\\\/#primaryimage\",\"url\":\"https:\\\/\\\/www.tourdelagruyere.com\\\/wp-content\\\/uploads\\\/2025\\\/04\\\/TDG.jpg\",\"contentUrl\":\"https:\\\/\\\/www.tourdelagruyere.com\\\/wp-content\\\/uploads\\\/2025\\\/04\\\/TDG.jpg\",\"width\":1024,\"height\":1024},{\"@type\":\"BreadcrumbList\",\"@id\":\"https:\\\/\\\/www.tourdelagruyere.com\\\/#breadcrumb\",\"itemListElement\":[{\"@type\":\"ListItem\",\"position\":1,\"name\":\"Accueil\",\"item\":\"https:\\\/\\\/www.tourdelagruyere.com\\\/\"},{\"@type\":\"ListItem\",\"position\":2,\"name\":\"Accueil\"}]},{\"@type\":\"WebSite\",\"@id\":\"https:\\\/\\\/www.tourdelagruyere.com\\\/#website\",\"url\":\"https:\\\/\\\/www.tourdelagruyere.com\\\/\",\"name\":\"Tour de la Gruy\u00e8re\",\"description\":\"Tcheu c&#039;est b\u00f4 !\",\"publisher\":{\"@id\":\"https:\\\/\\\/www.tourdelagruyere.com\\\/#organization\"},\"potentialAction\":[{\"@type\":\"SearchAction\",\"target\":{\"@type\":\"EntryPoint\",\"urlTemplate\":\"https:\\\/\\\/www.tourdelagruyere.com\\\/?s={search_term_string}\"},\"query-input\":{\"@type\":\"PropertyValueSpecification\",\"valueRequired\":true,\"valueName\":\"search_term_string\"}}],\"inLanguage\":\"fr-FR\"},{\"@type\":\"Organization\",\"@id\":\"https:\\\/\\\/www.tourdelagruyere.com\\\/#organization\",\"name\":\"Tour de la Gruy\u00e8re\",\"url\":\"https:\\\/\\\/www.tourdelagruyere.com\\\/\",\"logo\":{\"@type\":\"ImageObject\",\"inLanguage\":\"fr-FR\",\"@id\":\"https:\\\/\\\/www.tourdelagruyere.com\\\/#\\\/schema\\\/logo\\\/image\\\/\",\"url\":\"https:\\\/\\\/www.tourdelagruyere.com\\\/wp-content\\\/uploads\\\/2019\\\/04\\\/cropped-gruy\u00e8re-armoirie-1.jpg\",\"contentUrl\":\"https:\\\/\\\/www.tourdelagruyere.com\\\/wp-content\\\/uploads\\\/2019\\\/04\\\/cropped-gruy\u00e8re-armoirie-1.jpg\",\"width\":485,\"height\":528,\"caption\":\"Tour de la Gruy\u00e8re\"},\"image\":{\"@id\":\"https:\\\/\\\/www.tourdelagruyere.com\\\/#\\\/schema\\\/logo\\\/image\\\/\"},\"sameAs\":[\"https:\\\/\\\/www.facebook.com\\\/Tourdelagruyere\\\/\",\"https:\\\/\\\/www.instagram.com\\\/tourdelagruyere\\\/\"]}]}<\/script>\n<!-- \/ Yoast SEO plugin. -->","yoast_head_json":{"title":"Accueil - Tour de la Gruy\u00e8re","robots":{"index":"index","follow":"follow","max-snippet":"max-snippet:-1","max-image-preview":"max-image-preview:large","max-video-preview":"max-video-preview:-1"},"canonical":"https:\/\/www.tourdelagruyere.com\/","og_locale":"fr_FR","og_type":"article","og_title":"Accueil - Tour de la Gruy\u00e8re","og_description":"Tour de la Gruy\u00e8re 5 \u00e9tapes &#8211; 180km &#8211; 9&rsquo;300m+ C&rsquo;est quoi le Tour de la Gruy\u00e8re \u00e0 pied ? Collecte pour l&rsquo;ARFEC ici !","og_url":"https:\/\/www.tourdelagruyere.com\/","og_site_name":"Tour de la Gruy\u00e8re","article_publisher":"https:\/\/www.facebook.com\/Tourdelagruyere\/","article_modified_time":"2025-10-13T07:52:41+00:00","og_image":[{"width":1024,"height":1024,"url":"https:\/\/www.tourdelagruyere.com\/wp-content\/uploads\/2025\/04\/TDG.jpg","type":"image\/jpeg"}],"twitter_card":"summary_large_image","twitter_misc":{"Dur\u00e9e de lecture estim\u00e9e":"1 minute"},"schema":{"@context":"https:\/\/schema.org","@graph":[{"@type":"WebPage","@id":"https:\/\/www.tourdelagruyere.com\/","url":"https:\/\/www.tourdelagruyere.com\/","name":"Accueil - Tour de la Gruy\u00e8re","isPartOf":{"@id":"https:\/\/www.tourdelagruyere.com\/#website"},"primaryImageOfPage":{"@id":"https:\/\/www.tourdelagruyere.com\/#primaryimage"},"image":{"@id":"https:\/\/www.tourdelagruyere.com\/#primaryimage"},"thumbnailUrl":"https:\/\/www.tourdelagruyere.com\/wp-content\/uploads\/2025\/04\/TDG-300x300.jpg","datePublished":"2019-04-04T11:42:32+00:00","dateModified":"2025-10-13T07:52:41+00:00","breadcrumb":{"@id":"https:\/\/www.tourdelagruyere.com\/#breadcrumb"},"inLanguage":"fr-FR","potentialAction":[{"@type":"ReadAction","target":["https:\/\/www.tourdelagruyere.com\/"]}]},{"@type":"ImageObject","inLanguage":"fr-FR","@id":"https:\/\/www.tourdelagruyere.com\/#primaryimage","url":"https:\/\/www.tourdelagruyere.com\/wp-content\/uploads\/2025\/04\/TDG.jpg","contentUrl":"https:\/\/www.tourdelagruyere.com\/wp-content\/uploads\/2025\/04\/TDG.jpg","width":1024,"height":1024},{"@type":"BreadcrumbList","@id":"https:\/\/www.tourdelagruyere.com\/#breadcrumb","itemListElement":[{"@type":"ListItem","position":1,"name":"Accueil","item":"https:\/\/www.tourdelagruyere.com\/"},{"@type":"ListItem","position":2,"name":"Accueil"}]},{"@type":"WebSite","@id":"https:\/\/www.tourdelagruyere.com\/#website","url":"https:\/\/www.tourdelagruyere.com\/","name":"Tour de la Gruy\u00e8re","description":"Tcheu c&#039;est b\u00f4 !","publisher":{"@id":"https:\/\/www.tourdelagruyere.com\/#organization"},"potentialAction":[{"@type":"SearchAction","target":{"@type":"EntryPoint","urlTemplate":"https:\/\/www.tourdelagruyere.com\/?s={search_term_string}"},"query-input":{"@type":"PropertyValueSpecification","valueRequired":true,"valueName":"search_term_string"}}],"inLanguage":"fr-FR"},{"@type":"Organization","@id":"https:\/\/www.tourdelagruyere.com\/#organization","name":"Tour de la Gruy\u00e8re","url":"https:\/\/www.tourdelagruyere.com\/","logo":{"@type":"ImageObject","inLanguage":"fr-FR","@id":"https:\/\/www.tourdelagruyere.com\/#\/schema\/logo\/image\/","url":"https:\/\/www.tourdelagruyere.com\/wp-content\/uploads\/2019\/04\/cropped-gruy\u00e8re-armoirie-1.jpg","contentUrl":"https:\/\/www.tourdelagruyere.com\/wp-content\/uploads\/2019\/04\/cropped-gruy\u00e8re-armoirie-1.jpg","width":485,"height":528,"caption":"Tour de la Gruy\u00e8re"},"image":{"@id":"https:\/\/www.tourdelagruyere.com\/#\/schema\/logo\/image\/"},"sameAs":["https:\/\/www.facebook.com\/Tourdelagruyere\/","https:\/\/www.instagram.com\/tourdelagruyere\/"]}]}},"_links":{"self":[{"href":"https:\/\/www.tourdelagruyere.com\/index.php\/wp-json\/wp\/v2\/pages\/15","targetHints":{"allow":["GET"]}}],"collection":[{"href":"https:\/\/www.tourdelagruyere.com\/index.php\/wp-json\/wp\/v2\/pages"}],"about":[{"href":"https:\/\/www.tourdelagruyere.com\/index.php\/wp-json\/wp\/v2\/types\/page"}],"author":[{"embeddable":true,"href":"https:\/\/www.tourdelagruyere.com\/index.php\/wp-json\/wp\/v2\/users\/1"}],"replies":[{"embeddable":true,"href":"https:\/\/www.tourdelagruyere.com\/index.php\/wp-json\/wp\/v2\/comments?post=15"}],"version-history":[{"count":106,"href":"https:\/\/www.tourdelagruyere.com\/index.php\/wp-json\/wp\/v2\/pages\/15\/revisions"}],"predecessor-version":[{"id":1262,"href":"https:\/\/www.tourdelagruyere.com\/index.php\/wp-json\/wp\/v2\/pages\/15\/revisions\/1262"}],"wp:attachment":[{"href":"https:\/\/www.tourdelagruyere.com\/index.php\/wp-json\/wp\/v2\/media?parent=15"}],"curies":[{"name":"wp","href":"https:\/\/api.w.org\/{rel}","templated":true}]}}